{"id":7,"date":"2022-06-08T04:51:26","date_gmt":"2022-06-08T04:51:26","guid":{"rendered":"https:\/\/johei.ch\/?page_id=7"},"modified":"2026-03-11T19:09:47","modified_gmt":"2026-03-11T19:09:47","slug":"about","status":"publish","type":"page","link":"https:\/\/johei.ch\/?page_id=7","title":{"rendered":"\u00fcber uns"},"content":{"rendered":"\n\n\n\n\n<h1 class=\"wp-block-heading alignfull has-text-align-center has-large-font-size\" id=\"inspiro-is-a-digital-product-agency-that-focuses-on-strategy-and-design\" style=\"font-style:normal;font-weight:100\"><strong>Das was, wer, wo beim JOHEI<\/strong><\/h1>\n\n\n\n<div class=\"wp-block-columns alignwide is-layout-flex wp-container-core-columns-is-layout-9d6595d7 wp-block-columns-is-layout-flex\">\n<div class=\"wp-block-column is-layout-flow wp-block-column-is-layout-flow\">\n<figure class=\"wp-block-image size-full\"><img loading=\"lazy\" decoding=\"async\" width=\"1024\" height=\"768\" src=\"https:\/\/johei.ch\/wp-content\/uploads\/2022\/06\/Warten-am-Schweingfest.jpeg\" alt=\"\" class=\"wp-image-76\" srcset=\"https:\/\/johei.ch\/wp-content\/uploads\/2022\/06\/Warten-am-Schweingfest.jpeg 1024w, https:\/\/johei.ch\/wp-content\/uploads\/2022\/06\/Warten-am-Schweingfest-300x225.jpeg 300w, https:\/\/johei.ch\/wp-content\/uploads\/2022\/06\/Warten-am-Schweingfest-768x576.jpeg 768w\" sizes=\"(max-width: 1024px) 100vw, 1024px\" \/><\/figure>\n\n\n\n<p class=\"has-black-color has-text-color has-medium-font-size\"><strong>Der Vorstand<\/strong><\/p>\n\n\n\n<p class=\"has-black-color has-text-color\">Auch bei uns gibt es einen Kassier, Aktuar und Beisitzer.<\/p>\n\n\n\n<p><a href=\"#anker_vorstand\">Weiterlesen \u00fcber den Vorstand<\/a><\/p>\n<\/div>\n\n\n\n<div class=\"wp-block-column is-layout-flow wp-block-column-is-layout-flow\">\n<figure class=\"wp-block-image size-full\"><img loading=\"lazy\" decoding=\"async\" width=\"469\" height=\"351\" src=\"https:\/\/johei.ch\/wp-content\/uploads\/2022\/06\/04_Feuerwehrgebaeude.jpg\" alt=\"\" class=\"wp-image-77\" srcset=\"https:\/\/johei.ch\/wp-content\/uploads\/2022\/06\/04_Feuerwehrgebaeude.jpg 469w, https:\/\/johei.ch\/wp-content\/uploads\/2022\/06\/04_Feuerwehrgebaeude-300x225.jpg 300w\" sizes=\"(max-width: 469px) 100vw, 469px\" \/><\/figure>\n\n\n\n<p class=\"has-black-color has-text-color has-medium-font-size\"><strong>Unsere Proben<\/strong><\/p>\n\n\n\n<p class=\"has-black-color has-text-color\">Wir proben jeden Donnerstag im Feuerwehrlokal in M\u00f6nchaltorf.<\/p>\n\n\n\n<p><a href=\"#anker_proben\">Weiterlesen \u00fcber unsere Proben<\/a><\/p>\n<\/div>\n\n\n\n<div class=\"wp-block-column is-layout-flow wp-block-column-is-layout-flow\">\n<figure class=\"wp-block-image size-full is-resized\"><img decoding=\"async\" src=\"https:\/\/johei.ch\/wp-content\/uploads\/2022\/06\/Tenor1-Portrait.jpeg\" alt=\"\" class=\"wp-image-74\" style=\"width:282px;height:211px\"\/><\/figure>\n\n\n\n<p class=\"has-black-color has-text-color has-medium-font-size\"><strong>S\u00e4ngerinnen und S\u00e4nger<\/strong><\/p>\n\n\n\n<p class=\"has-black-color has-text-color\">lerne unsere Mitglieder besser kennen.<\/p>\n\n\n\n<p><a href=\"#anker_sanger\">Weiterlesen \u00fcber unsere S\u00e4ngerinnen und S\u00e4nger<\/a><\/p>\n<\/div>\n<\/div>\n\n\n\n\n\n\n\n<h2 class=\"wp-block-heading\" id=\"anker_vorstand\">Der Vorstand<\/h2>\n\n\n\n<div class=\"wp-block-media-text alignwide is-stacked-on-mobile\" style=\"grid-template-columns:30% auto\"><figure class=\"wp-block-media-text__media\"><img loading=\"lazy\" decoding=\"async\" width=\"768\" height=\"1024\" src=\"https:\/\/johei.ch\/wp-content\/uploads\/2023\/05\/Foto-Dirigent-Tobias-Schenk-edited-1-768x1024.jpg\" alt=\"\" class=\"wp-image-215 size-full\" srcset=\"https:\/\/johei.ch\/wp-content\/uploads\/2023\/05\/Foto-Dirigent-Tobias-Schenk-edited-1-768x1024.jpg 768w, https:\/\/johei.ch\/wp-content\/uploads\/2023\/05\/Foto-Dirigent-Tobias-Schenk-edited-1-225x300.jpg 225w, https:\/\/johei.ch\/wp-content\/uploads\/2023\/05\/Foto-Dirigent-Tobias-Schenk-edited-1-1152x1536.jpg 1152w, https:\/\/johei.ch\/wp-content\/uploads\/2023\/05\/Foto-Dirigent-Tobias-Schenk-edited-1-1536x2048.jpg 1536w, https:\/\/johei.ch\/wp-content\/uploads\/2023\/05\/Foto-Dirigent-Tobias-Schenk-edited-1-2000x2666.jpg 2000w, https:\/\/johei.ch\/wp-content\/uploads\/2023\/05\/Foto-Dirigent-Tobias-Schenk-edited-1-scaled.jpg 1920w\" sizes=\"(max-width: 768px) 100vw, 768px\" \/><\/figure><div class=\"wp-block-media-text__content\">\n<p class=\"has-medium-font-size\"><strong>Pr\u00e4sident <\/strong><\/p>\n\n\n\n<p class=\"has-medium-font-size\">Tobias Schenk<\/p>\n\n\n\n<p><a href=\"mailto:praesident@johei.ch\" target=\"_blank\" rel=\"noreferrer noopener\">info@johei.ch<\/a><\/p>\n<\/div><\/div>\n\n\n\n<div style=\"height:15px\" aria-hidden=\"true\" class=\"wp-block-spacer\"><\/div>\n\n\n\n<div class=\"wp-block-media-text alignwide is-stacked-on-mobile\" style=\"grid-template-columns:30% auto\"><figure class=\"wp-block-media-text__media\"><img loading=\"lazy\" decoding=\"async\" width=\"768\" height=\"1024\" src=\"https:\/\/johei.ch\/wp-content\/uploads\/2022\/06\/Stefan-Fenner.jpeg\" alt=\"\" class=\"wp-image-109 size-full\" srcset=\"https:\/\/johei.ch\/wp-content\/uploads\/2022\/06\/Stefan-Fenner.jpeg 768w, https:\/\/johei.ch\/wp-content\/uploads\/2022\/06\/Stefan-Fenner-225x300.jpeg 225w\" sizes=\"(max-width: 768px) 100vw, 768px\" \/><\/figure><div class=\"wp-block-media-text__content\">\n<p class=\"has-medium-font-size\"><strong>Vize-Pr\u00e4sident<\/strong><\/p>\n\n\n\n<p class=\"has-medium-font-size\">Stefan Fenner<\/p>\n<\/div><\/div>\n\n\n\n<div style=\"height:15px\" aria-hidden=\"true\" class=\"wp-block-spacer\"><\/div>\n\n\n\n<div class=\"wp-block-media-text alignwide is-stacked-on-mobile\" style=\"grid-template-columns:30% auto\"><figure class=\"wp-block-media-text__media\"><img loading=\"lazy\" decoding=\"async\" width=\"768\" height=\"1024\" src=\"https:\/\/johei.ch\/wp-content\/uploads\/2022\/06\/Hans-Rudolf-Fischer.jpeg\" alt=\"\" class=\"wp-image-110 size-full\" srcset=\"https:\/\/johei.ch\/wp-content\/uploads\/2022\/06\/Hans-Rudolf-Fischer.jpeg 768w, https:\/\/johei.ch\/wp-content\/uploads\/2022\/06\/Hans-Rudolf-Fischer-225x300.jpeg 225w\" sizes=\"(max-width: 768px) 100vw, 768px\" \/><\/figure><div class=\"wp-block-media-text__content\">\n<p class=\"has-medium-font-size\"><strong>Kassier<\/strong><\/p>\n\n\n\n<p class=\"has-medium-font-size\">Hans Rudolf Fischer<\/p>\n\n\n\n<p><\/p>\n<\/div><\/div>\n\n\n\n<div style=\"height:15px\" aria-hidden=\"true\" class=\"wp-block-spacer\"><\/div>\n\n\n\n<div class=\"wp-block-media-text alignwide is-stacked-on-mobile\" style=\"grid-template-columns:30% auto\"><figure class=\"wp-block-media-text__media\"><img loading=\"lazy\" decoding=\"async\" width=\"832\" height=\"1024\" src=\"https:\/\/johei.ch\/wp-content\/uploads\/2023\/05\/IMG_20230518_0566-scaled-e1685472767334-832x1024.jpg\" alt=\"\" class=\"wp-image-242 size-full\" srcset=\"https:\/\/johei.ch\/wp-content\/uploads\/2023\/05\/IMG_20230518_0566-scaled-e1685472767334-832x1024.jpg 832w, https:\/\/johei.ch\/wp-content\/uploads\/2023\/05\/IMG_20230518_0566-scaled-e1685472767334-244x300.jpg 244w, https:\/\/johei.ch\/wp-content\/uploads\/2023\/05\/IMG_20230518_0566-scaled-e1685472767334-768x945.jpg 768w, https:\/\/johei.ch\/wp-content\/uploads\/2023\/05\/IMG_20230518_0566-scaled-e1685472767334.jpg 1248w\" sizes=\"(max-width: 832px) 100vw, 832px\" \/><\/figure><div class=\"wp-block-media-text__content\">\n<p class=\"has-medium-font-size\"><strong>Aktuar<\/strong><\/p>\n\n\n\n<p class=\"has-medium-font-size\">Kaspar Meier<\/p>\n\n\n\n<p><\/p>\n<\/div><\/div>\n\n\n\n<div style=\"height:15px\" aria-hidden=\"true\" class=\"wp-block-spacer\"><\/div>\n\n\n\n<hr class=\"wp-block-separator has-alpha-channel-opacity\"\/>\n\n\n\n\n\n\n\n<h2 class=\"wp-block-heading\" id=\"anker_proben\">Unsere Proben<\/h2>\n\n\n\n<p>Jeden Donnerstag proben wir f\u00fcr 2 Stunden ab 20.00 Uhr im 1. Stock des Feuerwehrgeb\u00e4udes in M\u00f6nchaltorf.<\/p>\n\n\n\n<p>Adresse: Esslingerstrasse 24, 8617 M\u00f6nchaltorf<\/p>\n\n\n\n\n\n\n\n<hr class=\"wp-block-separator has-alpha-channel-opacity\"\/>\n\n\n\n<p><\/p>\n\n\n\n<h2 class=\"wp-block-heading\" id=\"anker_sanger\">Unsere S\u00e4ngerinnen und S\u00e4nger<\/h2>\n\n\n\n<div class=\"wp-block-media-text alignwide is-stacked-on-mobile\"><figure class=\"wp-block-media-text__media\"><img loading=\"lazy\" decoding=\"async\" width=\"848\" height=\"1024\" src=\"https:\/\/johei.ch\/wp-content\/uploads\/2023\/05\/IMG_20230518_0615-scaled-e1685472929979-848x1024.jpg\" alt=\"\" class=\"wp-image-245 size-full\" srcset=\"https:\/\/johei.ch\/wp-content\/uploads\/2023\/05\/IMG_20230518_0615-scaled-e1685472929979-848x1024.jpg 848w, https:\/\/johei.ch\/wp-content\/uploads\/2023\/05\/IMG_20230518_0615-scaled-e1685472929979-248x300.jpg 248w, https:\/\/johei.ch\/wp-content\/uploads\/2023\/05\/IMG_20230518_0615-scaled-e1685472929979-768x928.jpg 768w, https:\/\/johei.ch\/wp-content\/uploads\/2023\/05\/IMG_20230518_0615-scaled-e1685472929979-1271x1536.jpg 1271w, https:\/\/johei.ch\/wp-content\/uploads\/2023\/05\/IMG_20230518_0615-scaled-e1685472929979.jpg 1663w\" sizes=\"(max-width: 848px) 100vw, 848px\" \/><\/figure><div class=\"wp-block-media-text__content\">\n<p class=\"has-large-font-size\"><strong>Jodel<\/strong><\/p>\n\n\n\n<p class=\"has-medium-font-size\">Anita, Annatina und Elvira sind unsere Jodlerinnen. Anita ist zwar im Baselbiet aufgewachsen, aber der Liebe wegen an den Z\u00fcrichsee gezogen. Annatina verr\u00e4t mit Ihrer Tracht aus dem Engadin auch ihre Wurzeln.  Elvira gibt auch Jodelunterricht und ist ein Seekind aus St\u00e4fa.<\/p>\n\n\n\n<p class=\"has-small-font-size\"><em>von links nach rechts<\/em><\/p>\n<\/div><\/div>\n\n\n\n<div style=\"height:100px\" aria-hidden=\"true\" class=\"wp-block-spacer\"><\/div>\n\n\n\n<div class=\"wp-block-media-text alignwide is-stacked-on-mobile\"><figure class=\"wp-block-media-text__media\"><img loading=\"lazy\" decoding=\"async\" width=\"1024\" height=\"1002\" src=\"https:\/\/johei.ch\/wp-content\/uploads\/2023\/05\/IMG_20230518_0651-scaled-e1685473281674-1024x1002.jpg\" alt=\"\" class=\"wp-image-247 size-full\" srcset=\"https:\/\/johei.ch\/wp-content\/uploads\/2023\/05\/IMG_20230518_0651-scaled-e1685473281674-1024x1002.jpg 1024w, https:\/\/johei.ch\/wp-content\/uploads\/2023\/05\/IMG_20230518_0651-scaled-e1685473281674-300x293.jpg 300w, https:\/\/johei.ch\/wp-content\/uploads\/2023\/05\/IMG_20230518_0651-scaled-e1685473281674-768x751.jpg 768w, https:\/\/johei.ch\/wp-content\/uploads\/2023\/05\/IMG_20230518_0651-scaled-e1685473281674-1536x1503.jpg 1536w, https:\/\/johei.ch\/wp-content\/uploads\/2023\/05\/IMG_20230518_0651-scaled-e1685473281674.jpg 1701w\" sizes=\"(max-width: 1024px) 100vw, 1024px\" \/><\/figure><div class=\"wp-block-media-text__content\">\n<p class=\"has-large-font-size\"><strong>1. Tenor<\/strong><\/p>\n\n\n\n<p class=\"has-medium-font-size\">Christoph ist Zimmermann und Landwirt daneben spielt er noch leidenschaftlich Schwyzer\u00f6rgeli. Bauer Friedrich ist noch jeden Morgen und Abend im Stall bei seinem Veh. Fredi bringt den Berner Dialekt in unseren Verein und der T\u00f6sstaler Franz muss zu seinen Schafen schauen.<\/p>\n\n\n\n<p class=\"has-small-font-size\"><em>von links nach rechts<\/em><\/p>\n<\/div><\/div>\n\n\n\n<div style=\"height:100px\" aria-hidden=\"true\" class=\"wp-block-spacer\"><\/div>\n\n\n\n<div class=\"wp-block-media-text alignwide is-stacked-on-mobile\"><figure class=\"wp-block-media-text__media\"><img loading=\"lazy\" decoding=\"async\" width=\"906\" height=\"1024\" src=\"https:\/\/johei.ch\/wp-content\/uploads\/2023\/05\/IMG_20230518_0632-scaled-e1685473599912-906x1024.jpg\" alt=\"\" class=\"wp-image-250 size-full\" srcset=\"https:\/\/johei.ch\/wp-content\/uploads\/2023\/05\/IMG_20230518_0632-scaled-e1685473599912-906x1024.jpg 906w, https:\/\/johei.ch\/wp-content\/uploads\/2023\/05\/IMG_20230518_0632-scaled-e1685473599912-266x300.jpg 266w, https:\/\/johei.ch\/wp-content\/uploads\/2023\/05\/IMG_20230518_0632-scaled-e1685473599912-768x868.jpg 768w, https:\/\/johei.ch\/wp-content\/uploads\/2023\/05\/IMG_20230518_0632-scaled-e1685473599912-1360x1536.jpg 1360w, https:\/\/johei.ch\/wp-content\/uploads\/2023\/05\/IMG_20230518_0632-scaled-e1685473599912.jpg 1688w\" sizes=\"(max-width: 906px) 100vw, 906px\" \/><\/figure><div class=\"wp-block-media-text__content\">\n<p class=\"has-large-font-size\"><strong>2. Tenor<\/strong><\/p>\n\n\n\n<p class=\"has-medium-font-size\">Tobias arbeitet und singt im Lager vom Landi in M\u00f6nchaltorf. Heimwehb\u00fcndner Markus ist fast jedes Wochenende im Unterengadin. Auf dem Weg dorthin \u00fcbt er meistens die Jodellieder. <br>Kaspar ist Landwirt und arbeitet mit Menschen mit Beeintr\u00e4chtigungen.<br><\/p>\n\n\n\n<p class=\"has-small-font-size\"><em>von links nach rechts<\/em><\/p>\n<\/div><\/div>\n\n\n\n<div style=\"height:100px\" aria-hidden=\"true\" class=\"wp-block-spacer\"><\/div>\n\n\n\n<div class=\"wp-block-media-text alignwide is-stacked-on-mobile\"><figure class=\"wp-block-media-text__media\"><img loading=\"lazy\" decoding=\"async\" width=\"854\" height=\"1024\" src=\"https:\/\/johei.ch\/wp-content\/uploads\/2023\/05\/IMG_20230518_0642-scaled-e1685474109105-854x1024.jpg\" alt=\"\" class=\"wp-image-251 size-full\" srcset=\"https:\/\/johei.ch\/wp-content\/uploads\/2023\/05\/IMG_20230518_0642-scaled-e1685474109105-854x1024.jpg 854w, https:\/\/johei.ch\/wp-content\/uploads\/2023\/05\/IMG_20230518_0642-scaled-e1685474109105-250x300.jpg 250w, https:\/\/johei.ch\/wp-content\/uploads\/2023\/05\/IMG_20230518_0642-scaled-e1685474109105-768x921.jpg 768w, https:\/\/johei.ch\/wp-content\/uploads\/2023\/05\/IMG_20230518_0642-scaled-e1685474109105-1282x1536.jpg 1282w, https:\/\/johei.ch\/wp-content\/uploads\/2023\/05\/IMG_20230518_0642-scaled-e1685474109105.jpg 1682w\" sizes=\"(max-width: 854px) 100vw, 854px\" \/><\/figure><div class=\"wp-block-media-text__content\">\n<p class=\"has-large-font-size\"><strong>1. Bass<\/strong><\/p>\n\n\n\n<p class=\"has-medium-font-size\">Stefan ist auf der Forch am h\u00f6chschte ob\u00e4. Auch er ist mir ganzer Freude BIO Landwirt. S\u00e4mi ist der pensionierte P\u00f6stler und Notenwart im Verein, der jeden Morgen fr\u00fch verteilt er immer noch die Zeitungen. Bauer Lorenz produziert feine BIO Produkte und ist eben auch noch der Pr\u00e4sident von unserem Verein.<\/p>\n\n\n\n<p class=\"has-small-font-size\"><em>von links nach rechts<\/em><\/p>\n<\/div><\/div>\n\n\n\n<div style=\"height:100px\" aria-hidden=\"true\" class=\"wp-block-spacer\"><\/div>\n\n\n\n<div class=\"wp-block-media-text alignwide is-stacked-on-mobile\"><figure class=\"wp-block-media-text__media\"><img loading=\"lazy\" decoding=\"async\" width=\"664\" height=\"1024\" src=\"https:\/\/johei.ch\/wp-content\/uploads\/2023\/05\/IMG_20230518_0665-scaled-e1685474245712-664x1024.jpg\" alt=\"\" class=\"wp-image-252 size-full\" srcset=\"https:\/\/johei.ch\/wp-content\/uploads\/2023\/05\/IMG_20230518_0665-scaled-e1685474245712-664x1024.jpg 664w, https:\/\/johei.ch\/wp-content\/uploads\/2023\/05\/IMG_20230518_0665-scaled-e1685474245712-195x300.jpg 195w, https:\/\/johei.ch\/wp-content\/uploads\/2023\/05\/IMG_20230518_0665-scaled-e1685474245712-768x1184.jpg 768w, https:\/\/johei.ch\/wp-content\/uploads\/2023\/05\/IMG_20230518_0665-scaled-e1685474245712-996x1536.jpg 996w, https:\/\/johei.ch\/wp-content\/uploads\/2023\/05\/IMG_20230518_0665-scaled-e1685474245712-1328x2048.jpg 1328w, https:\/\/johei.ch\/wp-content\/uploads\/2023\/05\/IMG_20230518_0665-scaled-e1685474245712.jpg 1573w\" sizes=\"(max-width: 664px) 100vw, 664px\" \/><\/figure><div class=\"wp-block-media-text__content\">\n<p class=\"has-large-font-size\"><strong>2. Bass<\/strong><\/p>\n\n\n\n<p class=\"has-medium-font-size\">Urs hat zu Hause Bienen und Ziegen und einen alten Traktor und Rapid. Auch beruflich ist er auf R\u00e4dern unterwegs &#8211; mit dem VZO Bus.<br>Oski hat zu Hause Geiss, Esel, Pferde und S\u00e4mi den Berner Sennenhund. Im Wald beim Buschle machen singt er manchmal mit seiner begnadeten Bassstimme.<\/p>\n\n\n\n<p class=\"has-small-font-size\"><em>von links nach rechts<\/em><\/p>\n<\/div><\/div>\n","protected":false},"excerpt":{"rendered":"<p>Das was, wer, wo beim JOHEI Der Vorstand Auch bei uns gibt es einen Kassier, Aktuar und Beisitzer. Weiterlesen \u00fcber den Vorstand Unsere Proben Wir proben jeden Donnerstag im Feuerwehrlokal &#8230; <a title=\"\u00fcber uns\" class=\"read-more\" href=\"https:\/\/johei.ch\/?page_id=7\" aria-label=\"Mehr Informationen \u00fcber \u00fcber uns\">Weiterlesen<\/a><\/p>\n","protected":false},"author":1,"featured_media":0,"parent":0,"menu_order":0,"comment_status":"closed","ping_status":"closed","template":"","meta":{"saved_in_kubio":true,"_price":"","_stock":"","_tribe_ticket_header":"","_tribe_default_ticket_provider":"","_ticket_start_date":"","_ticket_end_date":"","_tribe_ticket_show_description":"","_tribe_ticket_show_not_going":false,"_tribe_ticket_use_global_stock":"","_tribe_ticket_global_stock_level":"","_global_stock_mode":"","_global_stock_cap":"","_tribe_rsvp_for_event":"","_tribe_ticket_going_count":"","_tribe_ticket_not_going_count":"","_tribe_tickets_list":"[]","_tribe_ticket_has_attendee_info_fields":false,"footnotes":"","_tec_slr_enabled":"","_tec_slr_layout":""},"class_list":["post-7","page","type-page","status-publish"],"kubio_ai_page_context":{"short_desc":"","purpose":"general"},"ticketed":false,"_links":{"self":[{"href":"https:\/\/johei.ch\/index.php?rest_route=\/wp\/v2\/pages\/7","targetHints":{"allow":["GET"]}}],"collection":[{"href":"https:\/\/johei.ch\/index.php?rest_route=\/wp\/v2\/pages"}],"about":[{"href":"https:\/\/johei.ch\/index.php?rest_route=\/wp\/v2\/types\/page"}],"author":[{"embeddable":true,"href":"https:\/\/johei.ch\/index.php?rest_route=\/wp\/v2\/users\/1"}],"replies":[{"embeddable":true,"href":"https:\/\/johei.ch\/index.php?rest_route=%2Fwp%2Fv2%2Fcomments&post=7"}],"version-history":[{"count":44,"href":"https:\/\/johei.ch\/index.php?rest_route=\/wp\/v2\/pages\/7\/revisions"}],"predecessor-version":[{"id":874,"href":"https:\/\/johei.ch\/index.php?rest_route=\/wp\/v2\/pages\/7\/revisions\/874"}],"wp:attachment":[{"href":"https:\/\/johei.ch\/index.php?rest_route=%2Fwp%2Fv2%2Fmedia&parent=7"}],"curies":[{"name":"wp","href":"https:\/\/api.w.org\/{rel}","templated":true}]}}